{"id":36118,"date":"2025-10-23T18:47:44","date_gmt":"2025-10-23T15:47:44","guid":{"rendered":"https:\/\/ral.lv\/linx-raffle-apple-watch-se-3\/"},"modified":"2026-02-06T20:55:52","modified_gmt":"2026-02-06T18:55:52","slug":"linx-raffle-apple-watch-se-3","status":"publish","type":"page","link":"https:\/\/ral.lv\/en\/linx-raffle-apple-watch-se-3\/","title":{"rendered":"LinX raffle &#8211; Apple Watch SE 3"},"content":{"rendered":"\t\t<div data-elementor-type=\"wp-page\" data-elementor-id=\"36118\" class=\"elementor elementor-36118 elementor-34689\">\n\t\t\t\t\t\t<section class=\"wd-negative-gap elementor-section elementor-top-section elementor-element elementor-element-2676ac32 elementor-section-boxed elementor-section-height-default elementor-section-height-default\" data-id=\"2676ac32\" data-element_type=\"section\" data-e-type=\"section\">\n\t\t\t\t\t\t<div class=\"elementor-container elementor-column-gap-default\">\n\t\t\t\t\t<div class=\"elementor-column elementor-col-50 elementor-top-column elementor-element elementor-element-c20d88a\" data-id=\"c20d88a\" data-element_type=\"column\" data-e-type=\"column\">\n\t\t\t<div class=\"elementor-widget-wrap elementor-element-populated\">\n\t\t\t\t\t\t<div class=\"elementor-element elementor-element-406da6f0 elementor-widget elementor-widget-image\" data-id=\"406da6f0\" data-element_type=\"widget\" data-e-type=\"widget\" data-widget_type=\"image.default\">\n\t\t\t\t<div class=\"elementor-widget-container\">\n\t\t\t\t\t\t\t\t\t\t\t\t\t\t\t<img loading=\"lazy\" decoding=\"async\" width=\"1300\" height=\"731\" src=\"https:\/\/ral.lv\/wp-content\/uploads\/2025\/10\/loterija-ral-1300x731.png\" class=\"attachment-large size-large wp-image-34681\" alt=\"Lottery RAL\" srcset=\"https:\/\/ral.lv\/wp-content\/uploads\/2025\/10\/loterija-ral-1300x731.png 1300w, https:\/\/ral.lv\/wp-content\/uploads\/2025\/10\/loterija-ral-400x225.png 400w, https:\/\/ral.lv\/wp-content\/uploads\/2025\/10\/loterija-ral-768x432.png 768w, https:\/\/ral.lv\/wp-content\/uploads\/2025\/10\/loterija-ral-1536x864.png 1536w, https:\/\/ral.lv\/wp-content\/uploads\/2025\/10\/loterija-ral-300x169.png 300w, https:\/\/ral.lv\/wp-content\/uploads\/2025\/10\/loterija-ral-600x338.png 600w, https:\/\/ral.lv\/wp-content\/uploads\/2025\/10\/loterija-ral-150x84.png 150w, https:\/\/ral.lv\/wp-content\/uploads\/2025\/10\/loterija-ral.png 1920w\" sizes=\"auto, (max-width: 1300px) 100vw, 1300px\" \/>\t\t\t\t\t\t\t\t\t\t\t\t\t\t\t<\/div>\n\t\t\t\t<\/div>\n\t\t\t\t\t<\/div>\n\t\t<\/div>\n\t\t\t\t<div class=\"elementor-column elementor-col-50 elementor-top-column elementor-element elementor-element-6d705557\" data-id=\"6d705557\" data-element_type=\"column\" data-e-type=\"column\">\n\t\t\t<div class=\"elementor-widget-wrap elementor-element-populated\">\n\t\t\t\t\t\t<div class=\"elementor-element elementor-element-49b648d2 wd-width-100 elementor-widget elementor-widget-wd_title\" data-id=\"49b648d2\" data-element_type=\"widget\" data-e-type=\"widget\" data-widget_type=\"wd_title.default\">\n\t\t\t\t<div class=\"elementor-widget-container\">\n\t\t\t\t\t\t\t<div class=\"title-wrapper wd-set-mb reset-last-child wd-title-color-alt wd-title-style-simple wd-title-size-extra-large text-left\">\n\n\t\t\t\t\t\t\t\t\t\t\t<div class=\"title-subtitle subtitle-color-alt subtitle-style-default wd-fontsize-m\">\n\t\t\t\t\tRegister a check and participate in the draw\t\t\t\t<\/div>\n\t\t\t\n\t\t\t<div class=\"liner-continer\">\n\t\t\t\t<h2 class=\"woodmart-title-container title wd-fontsize-xxxl\">Purchase a LinX CGM sensor, fill out the form below and qualify for an Apple Watch SE 3<\/h2> \n\t\t\t\t\t\t\t<\/div>\n\n\t\t\t\t\t<\/div>\n\t\t\t\t\t\t<\/div>\n\t\t\t\t<\/div>\n\t\t\t\t<div class=\"elementor-element elementor-element-6f61ea9 elementor-widget elementor-widget-wd_list\" data-id=\"6f61ea9\" data-element_type=\"widget\" data-e-type=\"widget\" data-widget_type=\"wd_list.default\">\n\t\t\t\t<div class=\"elementor-widget-container\">\n\t\t\t\t\t\t\t<ul class=\"wd-list color-scheme- wd-fontsize-s wd-type-ordered wd-style-default text-left\">\n\t\t\t\t\t\t\t\t\t\t\t<li class=\"elementor-repeater-item-fc44b51\">\n\t\t\t\t\t\t\t\t\t\t\t<span class=\"wd-icon\"><\/span>\t\t\t\t\t\n\t\t\t\t\t<span class=\"wd-list-content list-content\">\n\t\t\t\t\t\t\t\t\t\t\t\t\tPurchased a LinX CGM sensor - one sensor grants one membership\t\t\t\t\t\t\t\t\t\t\t<\/span>\n\t\t\t\t<\/li>\n\t\t\t\t\t\t\t\t\t\t\t<li class=\"elementor-repeater-item-c15220a\">\n\t\t\t\t\t\t\t\t\t\t\t<span class=\"wd-icon\"><\/span>\t\t\t\t\t\n\t\t\t\t\t<span class=\"wd-list-content list-content\">\n\t\t\t\t\t\t\t\t\t\t\t\t\tRegister your check below\t\t\t\t\t\t\t\t\t\t\t<\/span>\n\t\t\t\t<\/li>\n\t\t\t\t\t\t\t\t\t\t\t<li class=\"elementor-repeater-item-3b03a80\">\n\t\t\t\t\t\t\t\t\t\t\t<span class=\"wd-icon\"><\/span>\t\t\t\t\t\n\t\t\t\t\t<span class=\"wd-list-content list-content\">\n\t\t\t\t\t\t\t\t\t\t\t\t\tParticipate in the draw and win!\t\t\t\t\t\t\t\t\t\t\t<\/span>\n\t\t\t\t<\/li>\n\t\t\t\t\t<\/ul>\n\n\t\t\t\t\t\t<\/div>\n\t\t\t\t<\/div>\n\t\t\t\t\t<\/div>\n\t\t<\/div>\n\t\t\t\t\t<\/div>\n\t\t<\/section>\n\t\t\t\t<section class=\"wd-negative-gap elementor-section elementor-top-section elementor-element elementor-element-ef470f6 elementor-section-boxed elementor-section-height-default elementor-section-height-default\" data-id=\"ef470f6\" data-element_type=\"section\" data-e-type=\"section\">\n\t\t\t\t\t\t<div class=\"elementor-container elementor-column-gap-default\">\n\t\t\t\t\t<div class=\"elementor-column elementor-col-100 elementor-top-column elementor-element elementor-element-96b7659\" data-id=\"96b7659\" data-element_type=\"column\" data-e-type=\"column\" data-settings=\"{&quot;background_background&quot;:&quot;classic&quot;}\">\n\t\t\t<div class=\"elementor-widget-wrap elementor-element-populated\">\n\t\t\t\t\t\t<div class=\"elementor-element elementor-element-66bf086 wd-width-100 elementor-widget elementor-widget-wd_title\" data-id=\"66bf086\" data-element_type=\"widget\" data-e-type=\"widget\" data-widget_type=\"wd_title.default\">\n\t\t\t\t<div class=\"elementor-widget-container\">\n\t\t\t\t\t\t\t<div class=\"title-wrapper wd-set-mb reset-last-child wd-title-color-default wd-title-style-bordered wd-title-size-extra-large text-center\">\n\n\t\t\t\n\t\t\t<div class=\"liner-continer\">\n\t\t\t\t<h4 class=\"woodmart-title-container title wd-fontsize-xxxl\">Registration<\/h4> \n\t\t\t\t\t\t\t<\/div>\n\n\t\t\t\t\t<\/div>\n\t\t\t\t\t\t<\/div>\n\t\t\t\t<\/div>\n\t\t\t\t<div class=\"elementor-element elementor-element-2551ec4 elementor-widget elementor-widget-shortcode\" data-id=\"2551ec4\" data-element_type=\"widget\" data-e-type=\"widget\" data-widget_type=\"shortcode.default\">\n\t\t\t\t<div class=\"elementor-widget-container\">\n\t\t\t\t\t\t\t<div class=\"elementor-shortcode\"><div class=\"forminator-ui forminator-custom-form forminator-custom-form-34711 forminator-design--default  forminator_ajax\" data-forminator-render=\"0\" data-form=\"forminator-module-34711\" data-uid=\"69d7945416572\"><br\/><\/div><form\n\t\t\t\tid=\"forminator-module-34711\"\n\t\t\t\tclass=\"forminator-ui forminator-custom-form forminator-custom-form-34711 forminator-design--default  forminator_ajax\"\n\t\t\t\tmethod=\"post\"\n\t\t\t\tdata-forminator-render=\"0\"\n\t\t\t\tdata-form-id=\"34711\"\n\t\t\t\tenctype=\"multipart\/form-data\" data-color-option=\"theme\" data-design=\"default\" data-grid=\"open\" style=\"display: none;\"\n\t\t\t\tdata-uid=\"69d7945416572\"\n\t\t\t><div role=\"alert\" aria-live=\"polite\" class=\"forminator-response-message forminator-error\" aria-hidden=\"true\"><\/div><div class=\"forminator-row\"><div id=\"html-1\" class=\"forminator-field-html forminator-col forminator-col-12 \"><div class=\"forminator-field forminator-merge-tags\" data-field=\"html-1\"><p><span style=\"color: red\">*<\/span> Oblig\u0101ti aizpild\u0101mie lauki<\/p><\/div><\/div><\/div><div class=\"forminator-row\"><div id=\"name-1\" class=\"forminator-field-name forminator-col forminator-col-12 \"><div class=\"forminator-row forminator-no-margin\" data-multiple=\"true\"><div class=\"forminator-col forminator-col-md-6\"><div class=\"forminator-field\"><label for=\"forminator-field-first-name-1_69d7945416572\" id=\"forminator-field-first-name-1_69d7945416572-label\" class=\"forminator-label\">V\u0101rds <span class=\"forminator-required\">*<\/span><\/label><input type=\"text\" name=\"name-1-first-name\" placeholder=\"\" id=\"forminator-field-first-name-1_69d7945416572\" class=\"forminator-input\" aria-required=\"true\" data-multi=\"1\" autocomplete=\"given-name\" value=\"\" \/><\/div><\/div><div class=\"forminator-col forminator-col-md-6\"><div class=\"forminator-field\"><label for=\"forminator-field-last-name-1_69d7945416572\" id=\"forminator-field-last-name-1_69d7945416572-label\" class=\"forminator-label\">Uzv\u0101rds <span class=\"forminator-required\">*<\/span><\/label><input type=\"text\" name=\"name-1-last-name\" placeholder=\"\" id=\"forminator-field-last-name-1_69d7945416572\" class=\"forminator-input\" aria-required=\"true\" data-multi=\"1\" autocomplete=\"family-name\" value=\"\" \/><\/div><\/div><\/div><\/div><\/div><div class=\"forminator-row\"><div id=\"phone-1\" class=\"forminator-field-phone forminator-col forminator-col-6 \"><div class=\"forminator-field\"><label for=\"forminator-field-phone-1_69d7945416572\" id=\"forminator-field-phone-1_69d7945416572-label\" class=\"forminator-label\">Telefona numurs <span class=\"forminator-required\">*<\/span><\/label><input type=\"text\" name=\"phone-1\" value=\"\" placeholder=\"\" id=\"forminator-field-phone-1_69d7945416572\" class=\"forminator-input forminator-field--phone\" data-required=\"1\" aria-required=\"true\" autocomplete=\"tel-national\" \/><\/div><\/div><div id=\"email-1\" class=\"forminator-field-email forminator-col forminator-col-6 \"><div class=\"forminator-field\"><label for=\"forminator-field-email-1_69d7945416572\" id=\"forminator-field-email-1_69d7945416572-label\" class=\"forminator-label\">E-pasts <span class=\"forminator-required\">*<\/span><\/label><input type=\"email\" name=\"email-1\" value=\"\" placeholder=\"\" id=\"forminator-field-email-1_69d7945416572\" class=\"forminator-input forminator-email--field\" data-required=\"1\" aria-required=\"true\" autocomplete=\"email\" \/><\/div><\/div><\/div><div class=\"forminator-row\"><div id=\"number-1\" class=\"forminator-field-number forminator-col forminator-col-6 \"><div class=\"forminator-field\"><label for=\"forminator-field-number-1_69d7945416572\" id=\"forminator-field-number-1_69d7945416572-label\" class=\"forminator-label\">Vecums <span class=\"forminator-required\">*<\/span><\/label><input name=\"number-1\" value=\"\" placeholder=\"\" id=\"forminator-field-number-1_69d7945416572\" class=\"forminator-input forminator-number--field\" inputmode=\"decimal\" data-required=\"1\" data-decimals=\"0\" aria-required=\"true\" data-inputmask=\"&#039;groupSeparator&#039;: &#039;&#039;, &#039;radixPoint&#039;: &#039;&#039;, &#039;digits&#039;: &#039;0&#039;\" data-hidden-behavior=\"zero\" type=\"number\" step=\"any\" min=\"18\" max=\"120\" \/><\/div><\/div><div id=\"address-1\" class=\"forminator-field-address forminator-col forminator-col-6 \"><div class=\"forminator-row\" data-multiple=\"false\"><div id=\"address-1-city\" class=\"forminator-col forminator-col-12\"><div class=\"forminator-field\"><label for=\"forminator-field-address-1-city_69d7945416572\" id=\"forminator-field-address-1-city_69d7945416572-label\" class=\"forminator-label\">Pils\u0113ta<\/label><input type=\"text\" name=\"address-1-city\" placeholder=\"\" id=\"forminator-field-address-1-city_69d7945416572\" class=\"forminator-input\" data-required=\"\" aria-required=\"false\" autocomplete=\"address-level2\" value=\"\" \/><\/div><\/div><\/div><\/div><\/div><div class=\"forminator-row\"><div id=\"number-2\" class=\"forminator-field-number forminator-col forminator-col-12 \"><div class=\"forminator-field\"><label for=\"forminator-field-number-2_69d7945416572\" id=\"forminator-field-number-2_69d7945416572-label\" class=\"forminator-label\">Ieg\u0101d\u0101to sensoru skaits <span class=\"forminator-required\">*<\/span><\/label><input name=\"number-2\" value=\"\" placeholder=\"\" id=\"forminator-field-number-2_69d7945416572\" class=\"forminator-input forminator-number--field\" inputmode=\"decimal\" data-required=\"1\" data-decimals=\"0\" aria-required=\"true\" data-inputmask=\"&#039;groupSeparator&#039;: &#039;&#039;, &#039;radixPoint&#039;: &#039;&#039;, &#039;digits&#039;: &#039;0&#039;\" data-hidden-behavior=\"zero\" type=\"number\" step=\"any\" min=\"1\" max=\"150\" \/><\/div><\/div><\/div><div class=\"forminator-row\"><div id=\"text-1\" class=\"forminator-field-text forminator-col forminator-col-6 \"><div class=\"forminator-field\"><label for=\"forminator-field-text-1_69d7945416572\" id=\"forminator-field-text-1_69d7945416572-label\" class=\"forminator-label\">Pirkuma dokumenta numurs <span class=\"forminator-required\">*<\/span><\/label><input type=\"text\" name=\"text-1\" value=\"\" placeholder=\"\" id=\"forminator-field-text-1_69d7945416572\" class=\"forminator-input forminator-name--field\" data-required=\"1\" maxlength=\"32\" aria-describedby=\"forminator-field-text-1_69d7945416572-description\" \/><span id=\"forminator-field-text-1_69d7945416572-description\" class=\"forminator-description\">Pirkuma dokuments visbie\u017e\u0101k tiek saukts par \u010deku vai pavadz\u012bmi. L\u016bdzu, ievadiet visus ciparus, kas norad\u012bti k\u0101 \u010deka vai pavadz\u012bmes nr. Popularakie apz\u012bm\u0113jumi Popul\u0101r\u0101kie apz\u012bm\u0113jumi: \u010ceka nr., \u010ceks nr., \u010ceks, Dok. Nr., Dokuments.<span data-limit=\"32\" data-type=\"characters\">0 \/ 32<\/span><\/span><\/div><\/div><div id=\"upload-1\" class=\"forminator-field-upload forminator-col forminator-col-6 \"><div class=\"forminator-field\"><label for=\"forminator-field-upload-1_69d7945416572\" id=\"forminator-field-upload-1_69d7945416572-label\" class=\"forminator-label\">Pirkuma dokumenta foto<\/label><div class=\"forminator-file-upload \" data-element=\"upload-1_69d7945416572\"><input type=\"file\" name=\"upload-1\" id=\"forminator-field-upload-1_69d7945416572\" class=\"forminator-input-file\" accept=\".jpg,.jpeg,.jpe,.png,.bmp,.tiff,.tif,.avif,.heif,.heics,.heifs,.json,.svgz,.woff,.woff2,.ttf,.eot,.gif,.pdf\" tabindex=\"-1\"><button id=\"forminator-field-upload-1_69d7945416572_button\" class=\"forminator-button forminator-button-upload\" data-id=\"forminator-field-upload-1_69d7945416572\">Choose File<\/button><span data-empty-text=\"No file chosen\">No file chosen<\/span><button class=\"forminator-button-delete\" style=\"display: none;\"><i class=\"forminator-icon-close\" aria-hidden=\"true\"><\/i><span class=\"forminator-screen-reader-only\">Delete uploaded file<\/span><\/button><\/div><\/div><\/div><\/div><div class=\"forminator-row\"><div id=\"consent-1\" class=\"forminator-field-consent forminator-col forminator-col-12 \"><div class=\"forminator-field\"><label for=\"forminator-field-consent-1_69d7945416572\" id=\"forminator-field-consent-1_69d7945416572-label\" class=\"forminator-label\">Piekri\u0161ana noteikumiem un datu apstr\u0101dei <span class=\"forminator-required\">*<\/span><\/label><div class=\"forminator-checkbox__wrapper\"><label id=\"forminator-field-consent-1_69d7945416572__label\" class=\"forminator-checkbox forminator-consent\" aria-labelledby=\"forminator-field-consent-1_69d7945416572-label\"><input type=\"checkbox\" name=\"consent-1\" id=\"forminator-field-consent-1_69d7945416572\" value=\"checked\" aria-labelledby=\"forminator-field-consent-1_69d7945416572-label\" aria-describedby=\"forminator-field-consent-1_69d7945416572__description\" data-required=\"true\" aria-required=\"true\" \/><span class=\"forminator-checkbox-box\" aria-hidden=\"true\"><\/span><\/label><div id=\"forminator-field-consent-1_69d7945416572__description\" class=\"forminator-checkbox__label forminator-consent__label\"><p>Piekr\u012btu <a rel=\"noopener\" target=\"_blank\" href=\"https:\/\/ral.lv\/wp-content\/uploads\/2025\/10\/ral_loterijas_noteikumi_linx_cgm_apple_watch_se.pdf\">loterijas noteikumiem un manu datu apstr\u0101dei<\/a>.<\/p><\/div><\/div><\/div><\/div><\/div><div class=\"forminator-row forminator-hidden\"><input type=\"hidden\" id=\"hidden-1_69d7945416572\" name=\"hidden-1\" value=\"216.73.216.161\" \/><\/div><div class=\"forminator-row forminator-hidden\"><input type=\"hidden\" id=\"hidden-2_69d7945416572\" name=\"hidden-2\" value=\"submission_id\" \/><\/div><div class=\"forminator-row forminator-hidden\"><input type=\"hidden\" id=\"hidden-3_69d7945416572\" name=\"hidden-3\" value=\"09\/04\/2026\" \/><\/div><div class=\"forminator-row forminator-hidden\"><input type=\"hidden\" id=\"hidden-4_69d7945416572\" name=\"hidden-4\" value=\"2:58:12 pm, EEST\" \/><\/div><input type=\"hidden\" name=\"referer_url\" value=\"\" \/><div class=\"forminator-row forminator-row-last\"><div class=\"forminator-col\"><div class=\"forminator-field\"><button class=\"forminator-button forminator-button-submit lottery-submit\">Re\u0123istr\u0113ties loterijai<\/button><\/div><\/div><\/div><input type=\"hidden\" id=\"forminator_nonce\" name=\"forminator_nonce\" value=\"3668d35793\" \/><input type=\"hidden\" name=\"_wp_http_referer\" value=\"\/en\/wp-json\/wp\/v2\/pages\/36118\" \/><input type=\"hidden\" name=\"form_id\" value=\"34711\"><input type=\"hidden\" name=\"page_id\" value=\"36118\"><input type=\"hidden\" name=\"form_type\" value=\"default\"><input type=\"hidden\" name=\"current_url\" value=\"https:\/\/ral.lv\/en\/linx-raffle-apple-watch-se-3\/\"><input type=\"hidden\" name=\"render_id\" value=\"0\"><input type=\"hidden\" name=\"action\" value=\"forminator_submit_form_custom-forms\"><label for=\"input_14\" class=\"forminator-hidden\" aria-hidden=\"true\">Please do not fill in this field. <input id=\"input_14\" type=\"text\" name=\"input_14\" value=\"\" autocomplete=\"off\"><\/label><\/form><\/div>\n\t\t\t\t\t\t<\/div>\n\t\t\t\t<\/div>\n\t\t\t\t<div class=\"elementor-element elementor-element-f95db0c elementor-widget elementor-widget-wd_text_block\" data-id=\"f95db0c\" data-element_type=\"widget\" data-e-type=\"widget\" data-widget_type=\"wd_text_block.default\">\n\t\t\t\t<div class=\"elementor-widget-container\">\n\t\t\t\t\t\t\t<div class=\"wd-text-block reset-last-child text-center\">\n\t\t\t\n\t\t\t<p>If you have any questions, you can contact the lottery organizer by writing to <a href=\"&#x6d;&#97;i&#x6c;&#116;o&#x3a;&#x69;&#110;&#x66;&#x6f;&#64;r&#x61;&#108;&#46;&#x6c;&#x76;\">&#105;&#x6e;&#x66;o&#64;&#x72;a&#108;&#x2e;&#x6c;&#118;<\/a> or by calling the information hotline 67316372 on weekdays from 10:00 to 17:00.<\/p><p>Lottery period: 25.10.2025\u201308.01.2026.<br> Lottery Permit No. 8779.<\/p>\n\t\t\t\t\t<\/div>\n\t\t\t\t\t\t<\/div>\n\t\t\t\t<\/div>\n\t\t\t\t\t<\/div>\n\t\t<\/div>\n\t\t\t\t\t<\/div>\n\t\t<\/section>\n\t\t\t\t<section class=\"wd-negative-gap elementor-section elementor-top-section elementor-element elementor-element-621f260 elementor-section-boxed elementor-section-height-default elementor-section-height-default\" data-id=\"621f260\" data-element_type=\"section\" data-e-type=\"section\">\n\t\t\t\t\t\t<div class=\"elementor-container elementor-column-gap-default\">\n\t\t\t\t\t<div class=\"elementor-column elementor-col-100 elementor-top-column elementor-element elementor-element-b32e34f\" data-id=\"b32e34f\" data-element_type=\"column\" data-e-type=\"column\" data-settings=\"{&quot;background_background&quot;:&quot;gradient&quot;}\">\n\t\t\t<div class=\"elementor-widget-wrap elementor-element-populated\">\n\t\t\t\t\t\t<div class=\"elementor-element elementor-element-c351a02 wd-width-100 elementor-widget elementor-widget-wd_title\" data-id=\"c351a02\" data-element_type=\"widget\" data-e-type=\"widget\" data-widget_type=\"wd_title.default\">\n\t\t\t\t<div class=\"elementor-widget-container\">\n\t\t\t\t\t\t\t<div class=\"title-wrapper wd-set-mb reset-last-child wd-title-color-default wd-title-style-simple wd-title-size-medium text-center\">\n\n\t\t\t\n\t\t\t<div class=\"liner-continer\">\n\t\t\t\t<h4 class=\"woodmart-title-container title wd-fontsize-xl\">Grand Prize \u2013 Apple Watch SE 3<\/h4> \n\t\t\t\t\t\t\t<\/div>\n\n\t\t\t\t\t\t\t<div class=\"title-after_title reset-last-child wd-fontsize-s\">\n\t\t\t\t\t<p>Grand Prize<br> will be drawn on January 8th <\/p>\t\t\t\t<\/div>\n\t\t\t\t\t<\/div>\n\t\t\t\t\t\t<\/div>\n\t\t\t\t<\/div>\n\t\t\t\t<div class=\"elementor-element elementor-element-74c7020 elementor-widget elementor-widget-image\" data-id=\"74c7020\" data-element_type=\"widget\" data-e-type=\"widget\" data-widget_type=\"image.default\">\n\t\t\t\t<div class=\"elementor-widget-container\">\n\t\t\t\t\t\t\t\t\t\t\t\t\t\t\t<img loading=\"lazy\" decoding=\"async\" width=\"875\" height=\"800\" src=\"https:\/\/ral.lv\/wp-content\/uploads\/2025\/10\/hero_large_2x-875x800.png\" class=\"attachment-large size-large wp-image-34739\" alt=\"\" srcset=\"https:\/\/ral.lv\/wp-content\/uploads\/2025\/10\/hero_large_2x-875x800.png 875w, https:\/\/ral.lv\/wp-content\/uploads\/2025\/10\/hero_large_2x-328x300.png 328w, https:\/\/ral.lv\/wp-content\/uploads\/2025\/10\/hero_large_2x-768x702.png 768w, https:\/\/ral.lv\/wp-content\/uploads\/2025\/10\/hero_large_2x-1536x1405.png 1536w, https:\/\/ral.lv\/wp-content\/uploads\/2025\/10\/hero_large_2x-300x274.png 300w, https:\/\/ral.lv\/wp-content\/uploads\/2025\/10\/hero_large_2x-600x549.png 600w, https:\/\/ral.lv\/wp-content\/uploads\/2025\/10\/hero_large_2x-150x137.png 150w, https:\/\/ral.lv\/wp-content\/uploads\/2025\/10\/hero_large_2x.png 1732w\" sizes=\"auto, (max-width: 875px) 100vw, 875px\" \/>\t\t\t\t\t\t\t\t\t\t\t\t\t\t\t<\/div>\n\t\t\t\t<\/div>\n\t\t\t\t<div class=\"elementor-element elementor-element-4d5f13f wd-width-100 elementor-widget elementor-widget-wd_title\" data-id=\"4d5f13f\" data-element_type=\"widget\" data-e-type=\"widget\" data-widget_type=\"wd_title.default\">\n\t\t\t\t<div class=\"elementor-widget-container\">\n\t\t\t\t\t\t\t<div class=\"title-wrapper wd-set-mb reset-last-child wd-title-color-default wd-title-style-simple wd-title-size-medium text-center\">\n\n\t\t\t\n\t\t\t<div class=\"liner-continer\">\n\t\t\t\t<h4 class=\"woodmart-title-container title wd-fontsize-xl\">Additional prizes<\/h4> \n\t\t\t\t\t\t\t<\/div>\n\n\t\t\t\t\t\t\t<div class=\"title-after_title reset-last-child wd-fontsize-s\">\n\t\t\t\t\t<p>2nd prize \u2013 2 LinX CGM sensors<br> 3rd prize \u2013 2 LinX CGM sensors<\/p>\t\t\t\t<\/div>\n\t\t\t\t\t<\/div>\n\t\t\t\t\t\t<\/div>\n\t\t\t\t<\/div>\n\t\t\t\t\t<\/div>\n\t\t<\/div>\n\t\t\t\t\t<\/div>\n\t\t<\/section>\n\t\t\t\t<\/div>\n\t\t","protected":false},"excerpt":{"rendered":"<p>Register a check and participate in the draw Purchase a LinX CGM sensor, fill out the form below and qualify<\/p>\n","protected":false},"author":1,"featured_media":0,"parent":0,"menu_order":0,"comment_status":"closed","ping_status":"closed","template":"","meta":{"footnotes":""},"class_list":["post-36118","page","type-page","status-publish","hentry"],"_links":{"self":[{"href":"https:\/\/ral.lv\/en\/wp-json\/wp\/v2\/pages\/36118","targetHints":{"allow":["GET"]}}],"collection":[{"href":"https:\/\/ral.lv\/en\/wp-json\/wp\/v2\/pages"}],"about":[{"href":"https:\/\/ral.lv\/en\/wp-json\/wp\/v2\/types\/page"}],"author":[{"embeddable":true,"href":"https:\/\/ral.lv\/en\/wp-json\/wp\/v2\/users\/1"}],"replies":[{"embeddable":true,"href":"https:\/\/ral.lv\/en\/wp-json\/wp\/v2\/comments?post=36118"}],"version-history":[{"count":2,"href":"https:\/\/ral.lv\/en\/wp-json\/wp\/v2\/pages\/36118\/revisions"}],"predecessor-version":[{"id":36122,"href":"https:\/\/ral.lv\/en\/wp-json\/wp\/v2\/pages\/36118\/revisions\/36122"}],"wp:attachment":[{"href":"https:\/\/ral.lv\/en\/wp-json\/wp\/v2\/media?parent=36118"}],"curies":[{"name":"wp","href":"https:\/\/api.w.org\/{rel}","templated":true}]}}