{"id":37384,"date":"2026-02-26T14:59:36","date_gmt":"2026-02-26T12:59:36","guid":{"rendered":"https:\/\/ral.lv\/veikals\/uncategorized\/breast-separator\/"},"modified":"2026-02-26T14:59:36","modified_gmt":"2026-02-26T12:59:36","slug":"breast-separator","status":"publish","type":"product","link":"https:\/\/ral.lv\/en\/shop\/plastic-surgery\/breast-separator\/","title":{"rendered":"Breast separator"},"content":{"rendered":"","protected":false},"excerpt":{"rendered":"<p>A breast separator effectively helps maintain the appearance of your cleavage, improve sleep quality, and provide additional support for your breasts.<\/p>\n<p>Maintaining the condition of the skin of the d\u00e9collet\u00e9 area: Keeping the breasts separate while sleeping reduces the appearance of wrinkles and lines in the d\u00e9collet\u00e9 area.<\/p>\n<p>Postoperatively: useful for patients who have undergone breast surgery, helping to maintain the desired position of the implants.<\/p>\n<p>Comfort: Made of soft, breathable material, comfortable even during prolonged use.<\/p>\n<p>Improved posture: Pressure on the sternum area can promote better posture, especially helpful for women with large breasts.<\/p>\n<p>Material composition: 64% polyamide and 36% elastane<\/p>\n<p>Latex-free \/ Hypoallergenic \/ Comfortable \/ Breathable<\/p>\n<p>Care: hand wash, do not tumble dry, protect from direct sunlight.<\/p>\n<p>The size is determined according to the given table.<\/p>\n<p>&nbsp;<\/p>\n<table width=\"300\">\n<thead>\n<tr>\n<td width=\"120\">size<\/td>\n<td colspan=\"2\" width=\"180\">Circumference under the bust in cm<\/td>\n<\/tr>\n<\/thead>\n<tbody>\n<tr>\n<td colspan=\"2\" width=\"159\">XS<\/td>\n<td width=\"141\">68 &#8211; 72<\/td>\n<\/tr>\n<tr>\n<td colspan=\"2\" width=\"159\">S<\/td>\n<td width=\"141\">73 &#8211; 77<\/td>\n<\/tr>\n<tr>\n<td colspan=\"2\" width=\"159\">M<\/td>\n<td width=\"141\">78 &#8211; 82<\/td>\n<\/tr>\n<tr>\n<td colspan=\"2\" width=\"159\">L<\/td>\n<td width=\"141\">83 &#8211; 87<\/td>\n<\/tr>\n<tr>\n<td colspan=\"2\" width=\"159\">XL<\/td>\n<td width=\"141\">88 &#8211; 92<\/td>\n<\/tr>\n<tr>\n<td colspan=\"2\" width=\"159\">XXL<\/td>\n<td width=\"141\">93 &#8211; 97<\/td>\n<\/tr>\n<tr>\n<td width=\"120\"><\/td>\n<td width=\"39\"><\/td>\n<td width=\"141\"><\/td>\n<\/tr>\n<\/tbody>\n<\/table>\n<p>To measure the circumference under the bust, use a flexible measuring tape and place it horizontally just under the bust, at the base of the breasts, wrapping it around the body without making it too tight.<\/p>\n<p>It is important to stand up, relax your arms, and make sure the measuring tape is flat and tight to get an accurate measurement of your underbust circumference.<\/p>\n","protected":false},"featured_media":37387,"template":"","meta":[],"product_brand":[],"product_cat":[1973],"product_tag":[],"class_list":{"0":"post-37384","1":"product","2":"type-product","3":"status-publish","4":"has-post-thumbnail","6":"product_cat-plastic-surgery","7":"pa_razotajs-voe-en","9":"first","10":"instock","11":"taxable","12":"shipping-taxable","13":"purchasable","14":"product-type-variable"},"_links":{"self":[{"href":"https:\/\/ral.lv\/en\/wp-json\/wp\/v2\/product\/37384","targetHints":{"allow":["GET"]}}],"collection":[{"href":"https:\/\/ral.lv\/en\/wp-json\/wp\/v2\/product"}],"about":[{"href":"https:\/\/ral.lv\/en\/wp-json\/wp\/v2\/types\/product"}],"version-history":[{"count":0,"href":"https:\/\/ral.lv\/en\/wp-json\/wp\/v2\/product\/37384\/revisions"}],"wp:featuredmedia":[{"embeddable":true,"href":"https:\/\/ral.lv\/en\/wp-json\/wp\/v2\/media\/37387"}],"wp:attachment":[{"href":"https:\/\/ral.lv\/en\/wp-json\/wp\/v2\/media?parent=37384"}],"wp:term":[{"taxonomy":"product_brand","embeddable":true,"href":"https:\/\/ral.lv\/en\/wp-json\/wp\/v2\/product_brand?post=37384"},{"taxonomy":"product_cat","embeddable":true,"href":"https:\/\/ral.lv\/en\/wp-json\/wp\/v2\/product_cat?post=37384"},{"taxonomy":"product_tag","embeddable":true,"href":"https:\/\/ral.lv\/en\/wp-json\/wp\/v2\/product_tag?post=37384"}],"curies":[{"name":"wp","href":"https:\/\/api.w.org\/{rel}","templated":true}]}}